{"id":330,"date":"2020-05-19T20:03:21","date_gmt":"2020-05-19T20:03:21","guid":{"rendered":"https:\/\/fi.ventizolvestg.wpengine.com\/juridiset-tiedot-ja-kayttoehdot\/"},"modified":"2025-06-23T12:39:22","modified_gmt":"2025-06-23T12:39:22","slug":"juridisk-information-och-anvandarvillkor","status":"publish","type":"page","link":"https:\/\/fi.ventizolve.com\/sv\/juridisk-information-och-anvandarvillkor\/","title":{"rendered":"Juridisk information och anv\u00e4ndarvillkor"},"content":{"rendered":"\n<h3 class=\"wp-block-heading\">Villkor f\u00f6r anv\u00e4ndning av fi.ventizolve.com\/sv<\/h3>\n\n\n\n<p>fi.ventizolve.com\/sv har uppr\u00e4ttats i syfte att g\u00f6ra s\u00e4kerhetsinformation tillg\u00e4nglig om dne pharma as produkt Respinal\u00ae. Genom att anv\u00e4nda webbplatsen samtycker du till att f\u00f6lja v\u00e5ra villkor.<\/p>\n\n\n\n<p>Webbplatsen drivs av dne pharma AS (organisationsnummer: 991&nbsp;741 208)<\/p>\n\n\n\n<h3 class=\"wp-block-heading\">Anv\u00e4ndning av webbplatsen<\/h3>\n\n\n\n<p>Inneh\u00e5llet p\u00e5 webbplatsen \u00e4r endast avsett att ge allm\u00e4n information. Webbplatsen ger inte medicinska r\u00e5d och ger inte information som ers\u00e4tter medicinska r\u00e5d, st\u00e4ller inga former av medicinska diagnoser eller ger rekommendationer om behandlingar. Du b\u00f6r alltid s\u00f6ka r\u00e5d hos sjukv\u00e5rdspersonal om du beh\u00f6ver mer specifik medicinsk r\u00e5dgivning.<\/p>\n\n\n\n<p>dne pharma fr\u00e5nskriver sig allt ansvar f\u00f6r varje skada eller andra besv\u00e4r som du eller annan kan drabbas av som en f\u00f6ljd av anv\u00e4ndande av denna webbplats.<\/p>\n\n\n\n<h3 class=\"wp-block-heading\">L\u00e4nkar till andra webbplatser<\/h3>\n\n\n\n<p>Webbplatsen kan inneh\u00e5lla l\u00e4nkar till andra webbplatser som inte \u00e4gs eller kontrolleras av dne pharma. dne pharma fr\u00e5nskriver sig allt ansvar f\u00f6r det inneh\u00e5ll eller de tj\u00e4nster som finns p\u00e5 dessa webbplatser.<\/p>\n\n\n\n<h3 class=\"wp-block-heading\">Personuppgiftsskydd<\/h3>\n\n\n\n<p>dne pharma behandlar alla personuppgifter i enlighet med vad som anges i dataskyddsf\u00f6rordningen, se v\u00e5r information om skydd av personuppgifter och cookies.<\/p>\n\n\n\n<p>Observera att det inte \u00e4r 100-procentigt s\u00e4kert att anv\u00e4nda e-post och att personuppgifter riskerar att komma p\u00e5 avv\u00e4gar. Du b\u00f6r d\u00e4rf\u00f6r inte skicka k\u00e4nsliga eller personliga meddelanden via e-post.<\/p>\n\n\n\n<h3 class=\"wp-block-heading\">Anv\u00e4ndande av material p\u00e5 ventizolve.com<\/h3>\n\n\n\n<p>dne pharma \u00e4ger och har upphovsr\u00e4tt till allt inneh\u00e5ll p\u00e5 denna webbplats. Du kan l\u00e4sa, se, g\u00f6ra utskrifter av och ladda ner allt material fr\u00e5n dessa sidor, men endast f\u00f6r eget, privat och icke-kommersiellt bruk. Kopiering eller annan form av reproduktion av delar av eller hela inneh\u00e5llet \u00e4r f\u00f6rbjudet s\u00e5vida inte samtycke inh\u00e4mtats fr\u00e5n dne pharma.<\/p>\n\n\n\n<h3 class=\"wp-block-heading\">G\u00e4llande lag<\/h3>\n\n\n\n<p>Webbplatsen \u00e4r utvecklad f\u00f6r den norska marknaden och f\u00f6ljer norsk lag. Eventuella tvister om villkor och anv\u00e4ndande av webbplatserna regleras enligt norsk r\u00e4tt.<\/p>\n","protected":false},"excerpt":{"rendered":"<p>Villkor f\u00f6r anv\u00e4ndning av fi.ventizolve.com\/sv fi.ventizolve.com\/sv har uppr\u00e4ttats i syfte att g\u00f6ra s\u00e4kerhetsinformation tillg\u00e4nglig om dne pharma as produkt Respinal\u00ae. Genom att anv\u00e4nda webbplatsen samtycker du till att f\u00f6lja v\u00e5ra villkor. Webbplatsen drivs av dne pharma AS (organisationsnummer: 991&nbsp;741 208) Anv\u00e4ndning av webbplatsen Inneh\u00e5llet p\u00e5 webbplatsen \u00e4r endast avsett att ge allm\u00e4n information. Webbplatsen ger [&hellip;]<\/p>\n","protected":false},"author":2,"featured_media":0,"parent":0,"menu_order":0,"comment_status":"closed","ping_status":"closed","template":"","meta":{"_acf_changed":false,"footnotes":""},"class_list":["post-330","page","type-page","status-publish","hentry"],"acf":[],"yoast_head":"<!-- This site is optimized with the Yoast SEO plugin v27.5 - https:\/\/yoast.com\/product\/yoast-seo-wordpress\/ -->\n<title>Juridisk information och anv\u00e4ndarvillkor - Ventizolve Suomi<\/title>\n<meta name=\"robots\" content=\"noindex, follow, max-snippet:-1, max-image-preview:large, max-video-preview:-1\" \/>\n<meta property=\"og:locale\" content=\"sv_SE\" \/>\n<meta property=\"og:type\" content=\"article\" \/>\n<meta property=\"og:title\" content=\"Juridisk information och anv\u00e4ndarvillkor - Ventizolve Suomi\" \/>\n<meta property=\"og:description\" content=\"Villkor f\u00f6r anv\u00e4ndning av fi.ventizolve.com\/sv fi.ventizolve.com\/sv har uppr\u00e4ttats i syfte att g\u00f6ra s\u00e4kerhetsinformation tillg\u00e4nglig om dne pharma as produkt Respinal\u00ae. Genom att anv\u00e4nda webbplatsen samtycker du till att f\u00f6lja v\u00e5ra villkor. Webbplatsen drivs av dne pharma AS (organisationsnummer: 991&nbsp;741 208) Anv\u00e4ndning av webbplatsen Inneh\u00e5llet p\u00e5 webbplatsen \u00e4r endast avsett att ge allm\u00e4n information. Webbplatsen ger [&hellip;]\" \/>\n<meta property=\"og:url\" content=\"https:\/\/fi.ventizolve.com\/sv\/juridisk-information-och-anvandarvillkor\/\" \/>\n<meta property=\"og:site_name\" content=\"Ventizolve Suomi\" \/>\n<meta property=\"article:modified_time\" content=\"2025-06-23T12:39:22+00:00\" \/>\n<meta name=\"twitter:card\" content=\"summary_large_image\" \/>\n<meta name=\"twitter:label1\" content=\"Est. reading time\" \/>\n\t<meta name=\"twitter:data1\" content=\"2 minuter\" \/>\n<script type=\"application\/ld+json\" class=\"yoast-schema-graph\">{\"@context\":\"https:\\\/\\\/schema.org\",\"@graph\":[{\"@type\":\"WebPage\",\"@id\":\"https:\\\/\\\/fi.ventizolve.com\\\/sv\\\/juridisk-information-och-anvandarvillkor\\\/\",\"url\":\"https:\\\/\\\/fi.ventizolve.com\\\/sv\\\/juridisk-information-och-anvandarvillkor\\\/\",\"name\":\"Juridisk information och anv\u00e4ndarvillkor - Ventizolve Suomi\",\"isPartOf\":{\"@id\":\"https:\\\/\\\/fi.ventizolve.com\\\/sv\\\/#website\"},\"datePublished\":\"2020-05-19T20:03:21+00:00\",\"dateModified\":\"2025-06-23T12:39:22+00:00\",\"breadcrumb\":{\"@id\":\"https:\\\/\\\/fi.ventizolve.com\\\/sv\\\/juridisk-information-och-anvandarvillkor\\\/#breadcrumb\"},\"inLanguage\":\"sv-SE\",\"potentialAction\":[{\"@type\":\"ReadAction\",\"target\":[\"https:\\\/\\\/fi.ventizolve.com\\\/sv\\\/juridisk-information-och-anvandarvillkor\\\/\"]}]},{\"@type\":\"BreadcrumbList\",\"@id\":\"https:\\\/\\\/fi.ventizolve.com\\\/sv\\\/juridisk-information-och-anvandarvillkor\\\/#breadcrumb\",\"itemListElement\":[{\"@type\":\"ListItem\",\"position\":1,\"name\":\"Home\",\"item\":\"https:\\\/\\\/fi.ventizolve.com\\\/sv\\\/\"},{\"@type\":\"ListItem\",\"position\":2,\"name\":\"Juridisk information och anv\u00e4ndarvillkor\"}]},{\"@type\":\"WebSite\",\"@id\":\"https:\\\/\\\/fi.ventizolve.com\\\/sv\\\/#website\",\"url\":\"https:\\\/\\\/fi.ventizolve.com\\\/sv\\\/\",\"name\":\"Ventizolve Suomi\",\"description\":\"Miten Ventizolve-valmistetta k\u00e4ytet\u00e4\u00e4n opioidien yliannostuksen yhteydess\u00e4\",\"publisher\":{\"@id\":\"https:\\\/\\\/fi.ventizolve.com\\\/sv\\\/#organization\"},\"potentialAction\":[{\"@type\":\"SearchAction\",\"target\":{\"@type\":\"EntryPoint\",\"urlTemplate\":\"https:\\\/\\\/fi.ventizolve.com\\\/sv\\\/?s={search_term_string}\"},\"query-input\":{\"@type\":\"PropertyValueSpecification\",\"valueRequired\":true,\"valueName\":\"search_term_string\"}}],\"inLanguage\":\"sv-SE\"},{\"@type\":\"Organization\",\"@id\":\"https:\\\/\\\/fi.ventizolve.com\\\/sv\\\/#organization\",\"name\":\"Ventizolve Suomi\",\"url\":\"https:\\\/\\\/fi.ventizolve.com\\\/sv\\\/\",\"logo\":{\"@type\":\"ImageObject\",\"inLanguage\":\"sv-SE\",\"@id\":\"https:\\\/\\\/fi.ventizolve.com\\\/sv\\\/#\\\/schema\\\/logo\\\/image\\\/\",\"url\":\"https:\\\/\\\/fi.ventizolve.com\\\/wp-content\\\/uploads\\\/sites\\\/4\\\/2020\\\/05\\\/Ventizolve-Logo-V2.png\",\"contentUrl\":\"https:\\\/\\\/fi.ventizolve.com\\\/wp-content\\\/uploads\\\/sites\\\/4\\\/2020\\\/05\\\/Ventizolve-Logo-V2.png\",\"width\":320,\"height\":120,\"caption\":\"Ventizolve Suomi\"},\"image\":{\"@id\":\"https:\\\/\\\/fi.ventizolve.com\\\/sv\\\/#\\\/schema\\\/logo\\\/image\\\/\"}}]}<\/script>\n<!-- \/ Yoast SEO plugin. -->","yoast_head_json":{"title":"Juridisk information och anv\u00e4ndarvillkor - Ventizolve Suomi","robots":{"index":"noindex","follow":"follow","max-snippet":"max-snippet:-1","max-image-preview":"max-image-preview:large","max-video-preview":"max-video-preview:-1"},"og_locale":"sv_SE","og_type":"article","og_title":"Juridisk information och anv\u00e4ndarvillkor - Ventizolve Suomi","og_description":"Villkor f\u00f6r anv\u00e4ndning av fi.ventizolve.com\/sv fi.ventizolve.com\/sv har uppr\u00e4ttats i syfte att g\u00f6ra s\u00e4kerhetsinformation tillg\u00e4nglig om dne pharma as produkt Respinal\u00ae. Genom att anv\u00e4nda webbplatsen samtycker du till att f\u00f6lja v\u00e5ra villkor. Webbplatsen drivs av dne pharma AS (organisationsnummer: 991&nbsp;741 208) Anv\u00e4ndning av webbplatsen Inneh\u00e5llet p\u00e5 webbplatsen \u00e4r endast avsett att ge allm\u00e4n information. Webbplatsen ger [&hellip;]","og_url":"https:\/\/fi.ventizolve.com\/sv\/juridisk-information-och-anvandarvillkor\/","og_site_name":"Ventizolve Suomi","article_modified_time":"2025-06-23T12:39:22+00:00","twitter_card":"summary_large_image","twitter_misc":{"Est. reading time":"2 minuter"},"schema":{"@context":"https:\/\/schema.org","@graph":[{"@type":"WebPage","@id":"https:\/\/fi.ventizolve.com\/sv\/juridisk-information-och-anvandarvillkor\/","url":"https:\/\/fi.ventizolve.com\/sv\/juridisk-information-och-anvandarvillkor\/","name":"Juridisk information och anv\u00e4ndarvillkor - Ventizolve Suomi","isPartOf":{"@id":"https:\/\/fi.ventizolve.com\/sv\/#website"},"datePublished":"2020-05-19T20:03:21+00:00","dateModified":"2025-06-23T12:39:22+00:00","breadcrumb":{"@id":"https:\/\/fi.ventizolve.com\/sv\/juridisk-information-och-anvandarvillkor\/#breadcrumb"},"inLanguage":"sv-SE","potentialAction":[{"@type":"ReadAction","target":["https:\/\/fi.ventizolve.com\/sv\/juridisk-information-och-anvandarvillkor\/"]}]},{"@type":"BreadcrumbList","@id":"https:\/\/fi.ventizolve.com\/sv\/juridisk-information-och-anvandarvillkor\/#breadcrumb","itemListElement":[{"@type":"ListItem","position":1,"name":"Home","item":"https:\/\/fi.ventizolve.com\/sv\/"},{"@type":"ListItem","position":2,"name":"Juridisk information och anv\u00e4ndarvillkor"}]},{"@type":"WebSite","@id":"https:\/\/fi.ventizolve.com\/sv\/#website","url":"https:\/\/fi.ventizolve.com\/sv\/","name":"Ventizolve Suomi","description":"Miten Ventizolve-valmistetta k\u00e4ytet\u00e4\u00e4n opioidien yliannostuksen yhteydess\u00e4","publisher":{"@id":"https:\/\/fi.ventizolve.com\/sv\/#organization"},"potentialAction":[{"@type":"SearchAction","target":{"@type":"EntryPoint","urlTemplate":"https:\/\/fi.ventizolve.com\/sv\/?s={search_term_string}"},"query-input":{"@type":"PropertyValueSpecification","valueRequired":true,"valueName":"search_term_string"}}],"inLanguage":"sv-SE"},{"@type":"Organization","@id":"https:\/\/fi.ventizolve.com\/sv\/#organization","name":"Ventizolve Suomi","url":"https:\/\/fi.ventizolve.com\/sv\/","logo":{"@type":"ImageObject","inLanguage":"sv-SE","@id":"https:\/\/fi.ventizolve.com\/sv\/#\/schema\/logo\/image\/","url":"https:\/\/fi.ventizolve.com\/wp-content\/uploads\/sites\/4\/2020\/05\/Ventizolve-Logo-V2.png","contentUrl":"https:\/\/fi.ventizolve.com\/wp-content\/uploads\/sites\/4\/2020\/05\/Ventizolve-Logo-V2.png","width":320,"height":120,"caption":"Ventizolve Suomi"},"image":{"@id":"https:\/\/fi.ventizolve.com\/sv\/#\/schema\/logo\/image\/"}}]}},"_links":{"self":[{"href":"https:\/\/fi.ventizolve.com\/sv\/wp-json\/wp\/v2\/pages\/330","targetHints":{"allow":["GET"]}}],"collection":[{"href":"https:\/\/fi.ventizolve.com\/sv\/wp-json\/wp\/v2\/pages"}],"about":[{"href":"https:\/\/fi.ventizolve.com\/sv\/wp-json\/wp\/v2\/types\/page"}],"author":[{"embeddable":true,"href":"https:\/\/fi.ventizolve.com\/sv\/wp-json\/wp\/v2\/users\/2"}],"replies":[{"embeddable":true,"href":"https:\/\/fi.ventizolve.com\/sv\/wp-json\/wp\/v2\/comments?post=330"}],"version-history":[{"count":0,"href":"https:\/\/fi.ventizolve.com\/sv\/wp-json\/wp\/v2\/pages\/330\/revisions"}],"wp:attachment":[{"href":"https:\/\/fi.ventizolve.com\/sv\/wp-json\/wp\/v2\/media?parent=330"}],"curies":[{"name":"wp","href":"https:\/\/api.w.org\/{rel}","templated":true}]}}