{"id":328,"date":"2020-05-19T10:23:05","date_gmt":"2020-05-19T10:23:05","guid":{"rendered":"https:\/\/fi.ventizolvestg.wpengine.com\/henkilotietojen-kasittely\/"},"modified":"2025-06-23T14:26:50","modified_gmt":"2025-06-23T14:26:50","slug":"retningslinjer-for-personvern-2","status":"publish","type":"page","link":"https:\/\/fi.ventizolve.com\/sv\/retningslinjer-for-personvern-2\/","title":{"rendered":"Retningslinjer for personvern"},"content":{"rendered":"\n<h3 class=\"wp-block-heading\">Personuppgiftsskydd<\/h3>\n\n\n\n<p>N\u00e4r du anv\u00e4nder v\u00e5r webbplats kommer dne pharma AS att behandla dina personuppgifter. Nedan finns information om vilka personuppgifter som insamlas, varf\u00f6r vi g\u00f6r det och dina r\u00e4ttigheter i samband med behandling av personuppgifter.<\/p>\n\n\n\n<p>Personuppgiftsansvarig \u00e4r dne pharma AS och bolagets vd Geir Ivar Simonsen. dne pharma AS Kontaktuppgifter:<\/p>\n\n\n\n<p>Adress: Karihaugveien 22, 1068 Oslo<br>E-post:&nbsp;post@dnepharma.no<br>Telefon: 21 60 87 00<br>Organisationsnr: 991 741 208<\/p>\n\n\n\n<p>Har du fr\u00e5gor om v\u00e5r behandling av dina personuppgifter kan du kontakta oss via e-post. Ange \u201dsvensk.fi\u201d i \u00e4mnesf\u00e4ltet.<\/p>\n\n\n\n<h3 class=\"wp-block-heading\">Vi samlar in f\u00f6ljande personuppgifter f\u00f6r nedan angivna \u00e4ndam\u00e5l:<\/h3>\n\n\n\n<ul class=\"wp-block-list\">\n<li>F\u00f6r att besvara f\u00f6rfr\u00e5gningar som inkommer till oss. Namn, telefonnummer, e-postadress och eventuella personuppgifter som f\u00f6rekommer i korrespondensen. Vi g\u00f6r alltid en intresseavv\u00e4gning n\u00e4r vi behandlar personuppgifter. V\u00e5r bed\u00f6mning \u00e4r att det i m\u00e5nga fall \u00e4r n\u00f6dv\u00e4ndigt att behandla dina personuppgifter f\u00f6r att kunna hj\u00e4lpa dig med dina f\u00f6rfr\u00e5gningar.<\/li>\n\n\n\n<li>F\u00f6r att tillgodose s\u00e4kerheten p\u00e5 v\u00e5ra webbplatser anv\u00e4nder vi cookies. Du kan l\u00e4sa mer om cookies i\u00a0<strong>Information om cookies<\/strong>. Vi g\u00f6r alltid en intresseavv\u00e4gning n\u00e4r vi behandlar personuppgifter. V\u00e5r bed\u00f6mning \u00e4r att det i m\u00e5nga fall \u00e4r n\u00f6dv\u00e4ndigt att behandla dina personuppgifter f\u00f6r att kunna tillgodose s\u00e4kerheten p\u00e5 v\u00e5ra webbplatser.<\/li>\n<\/ul>\n\n\n\n<h3 class=\"wp-block-heading\">Utl\u00e4mnande av personuppgifter till andra<\/h3>\n\n\n\n<p>Vi l\u00e4mnar inte ut personuppgifter till andra s\u00e5vida det inte \u00e4r till\u00e5tet enligt lag. Exempel p\u00e5 detta \u00e4r att det finns ett avtal med dig om att personuppgifter f\u00e5r l\u00e4mnas ut eller att vi enligt lag \u00e4r f\u00f6rpliktade att l\u00e4mna ut informationen.<\/p>\n\n\n\n<p>dne pharma anv\u00e4nder databehandlare f\u00f6r att insamla, lagra eller p\u00e5 annat s\u00e4tt behandla personuppgifter f\u00f6r v\u00e5r r\u00e4kning. I samband med detta har vi ing\u00e5tt avtal f\u00f6r att tillgodose informationss\u00e4kerheten i alla led av behandlingen. F\u00f6r n\u00e4rvarande anv\u00e4nder vi oss av f\u00f6ljande databehandlare:<\/p>\n\n\n\n<ul class=\"wp-block-list\">\n<li>IT-leverant\u00f6rer (har ni en serverl\u00f6sning som \u00e4r placerad hos n\u00e5gon annan?)<\/li>\n\n\n\n<li>Anv\u00e4nder ni er av extern leverant\u00f6r av webhotell s\u00e5 att webbsidorna ligger i servrar utanf\u00f6r er IT-leverant\u00f6r?<\/li>\n\n\n\n<li>Ev. andra bolag som ni har ing\u00e5tt avtal om databehandling med<\/li>\n<\/ul>\n\n\n\n<p>All behandling av personuppgifter g\u00f6rs inom EU\/EES-omr\u00e5det.<\/p>\n\n\n\n<h3 class=\"wp-block-heading\">Lagringstid<\/h3>\n\n\n\n<p>Vi lagrar dina personuppgifter hos oss s\u00e5 l\u00e4nge det \u00e4r n\u00f6dv\u00e4ndigt f\u00f6r de \u00e4ndam\u00e5l f\u00f6r vilka personuppgifterna insamlades.<\/p>\n\n\n\n<p>Om du \u00e5terkallar ditt samtycke till behandling av personuppgifter kommer vi att radera eller anonymisera de personuppgifter vi behandlar enligt ditt samtycke. Personuppgifter som vi behandlar f\u00f6r att uppfylla ett avtal med dig raderas n\u00e4r avtalet inte l\u00e4ngre g\u00e4ller samt n\u00e4r alla f\u00f6rpliktelser som f\u00f6ljer av avtalsf\u00f6rh\u00e5llandet uppfyllts.<\/p>\n\n\n\n<h3 class=\"wp-block-heading\"><strong>Dina r\u00e4ttigheter n\u00e4r vi behandlar personuppgifter om dig<\/strong><\/h3>\n\n\n\n<p>Du har r\u00e4tt att kr\u00e4va insyn, r\u00e4ttelse eller radering av dina personuppgifter. Du har dessutom r\u00e4tt att kr\u00e4va begr\u00e4nsning av behandling, r\u00e4tt att g\u00f6ra inv\u00e4ndningar mot behandlingen och r\u00e4tt att kr\u00e4va dataportabilitet. Du kan l\u00e4sa mer om inneh\u00e5llet i dessa r\u00e4ttigheter p\u00e5 Datainspektionens webbplats:&nbsp;<a href=\"https:\/\/www.datainspektionen.se\/\">www.datainspektionen.se<\/a>.&nbsp;&nbsp;<\/p>\n\n\n\n<p>F\u00f6r att tillvarata dina r\u00e4ttigheter skickar du en f\u00f6rfr\u00e5gan till&nbsp;privacy@dnepharma.no&nbsp;och skriver \u201dsvensk.fi\u201d i \u00e4mnesf\u00e4ltet. Vi kommer att besvara din f\u00f6rfr\u00e5gan snarast och senast inom 30 dagar.<\/p>\n\n\n\n<p>Vi kommer att be dig att bekr\u00e4fta din identitet eller att inge kompletterande information innan du kan utnyttja dina r\u00e4ttigheter. Det g\u00f6r vi f\u00f6r att s\u00e4kerst\u00e4lla att vi ger tillg\u00e5ng till dina personuppgifter endast till dig \u2013 och inte till n\u00e5gon som utger sig att vara du.<\/p>\n\n\n\n<p>Du kan n\u00e4r som helst \u00e5terkalla ditt samtycke f\u00f6r behandling av dina personuppgifter hos oss. Det g\u00f6r du enklast genom att skicka ett meddelande till&nbsp;<a href=\"mailto:privacy@dnepharma.no\">privacy@dnepharma.no<\/a>.<\/p>\n\n\n\n<h3 class=\"wp-block-heading\">Klagom\u00e5l hos tillsynsmyndighet<\/h3>\n\n\n\n<p>Om du anser att v\u00e5r behandling av personuppgifter inte \u00f6verensst\u00e4mmer med vad vi angett h\u00e4r eller att vi p\u00e5 annat s\u00e4tt bryter mot Dataskyddsf\u00f6rordningen, kan du klaga hos Datainspektionen. Vi uppskattar dock om du i s\u00e5dant fall f\u00f6rst kontaktar oss s\u00e5 att vi kan reda ut eventuella missf\u00f6rst\u00e5nd.<\/p>\n\n\n\n<p>Information om hur du kontaktar Datainspektionen finns p\u00e5 deras webbplats:&nbsp;<a href=\"https:\/\/www.datainspektionen.se\/\">www.datainspektionen.se<\/a>.<\/p>\n\n\n\n<h3 class=\"wp-block-heading\">\u00c4ndringar<\/h3>\n\n\n\n<p>Vid \u00e4ndringar av v\u00e5ra tj\u00e4nster eller \u00e4ndringar i regelverket om behandling av personuppgifter kan vi komma att inf\u00f6ra \u00e4ndringar av denna information. Om vi har dina kontaktuppgifter kommer vi att meddela dig om dessa \u00e4ndringar. P\u00e5 v\u00e5r webbplats finner du dessutom alltid uppdaterad information.<\/p>\n","protected":false},"excerpt":{"rendered":"<p>Personuppgiftsskydd N\u00e4r du anv\u00e4nder v\u00e5r webbplats kommer dne pharma AS att behandla dina personuppgifter. Nedan finns information om vilka personuppgifter som insamlas, varf\u00f6r vi g\u00f6r det och dina r\u00e4ttigheter i samband med behandling av personuppgifter. Personuppgiftsansvarig \u00e4r dne pharma AS och bolagets vd Geir Ivar Simonsen. dne pharma AS Kontaktuppgifter: Adress: Karihaugveien 22, 1068 OsloE-post:&nbsp;post@dnepharma.noTelefon: [&hellip;]<\/p>\n","protected":false},"author":2,"featured_media":0,"parent":0,"menu_order":0,"comment_status":"closed","ping_status":"closed","template":"","meta":{"_acf_changed":false,"footnotes":""},"class_list":["post-328","page","type-page","status-publish","hentry"],"acf":[],"yoast_head":"<!-- This site is optimized with the Yoast SEO plugin v27.5 - https:\/\/yoast.com\/product\/yoast-seo-wordpress\/ -->\n<title>Retningslinjer for personvern - Ventizolve Suomi<\/title>\n<meta name=\"robots\" content=\"noindex, follow, max-snippet:-1, max-image-preview:large, max-video-preview:-1\" \/>\n<meta property=\"og:locale\" content=\"sv_SE\" \/>\n<meta property=\"og:type\" content=\"article\" \/>\n<meta property=\"og:title\" content=\"Retningslinjer for personvern - Ventizolve Suomi\" \/>\n<meta property=\"og:description\" content=\"Personuppgiftsskydd N\u00e4r du anv\u00e4nder v\u00e5r webbplats kommer dne pharma AS att behandla dina personuppgifter. Nedan finns information om vilka personuppgifter som insamlas, varf\u00f6r vi g\u00f6r det och dina r\u00e4ttigheter i samband med behandling av personuppgifter. Personuppgiftsansvarig \u00e4r dne pharma AS och bolagets vd Geir Ivar Simonsen. dne pharma AS Kontaktuppgifter: Adress: Karihaugveien 22, 1068 OsloE-post:&nbsp;post@dnepharma.noTelefon: [&hellip;]\" \/>\n<meta property=\"og:url\" content=\"https:\/\/fi.ventizolve.com\/sv\/retningslinjer-for-personvern-2\/\" \/>\n<meta property=\"og:site_name\" content=\"Ventizolve Suomi\" \/>\n<meta property=\"article:modified_time\" content=\"2025-06-23T14:26:50+00:00\" \/>\n<meta name=\"twitter:card\" content=\"summary_large_image\" \/>\n<meta name=\"twitter:label1\" content=\"Est. reading time\" \/>\n\t<meta name=\"twitter:data1\" content=\"3 minuter\" \/>\n<script type=\"application\/ld+json\" class=\"yoast-schema-graph\">{\"@context\":\"https:\\\/\\\/schema.org\",\"@graph\":[{\"@type\":\"WebPage\",\"@id\":\"https:\\\/\\\/fi.ventizolve.com\\\/sv\\\/retningslinjer-for-personvern-2\\\/\",\"url\":\"https:\\\/\\\/fi.ventizolve.com\\\/sv\\\/retningslinjer-for-personvern-2\\\/\",\"name\":\"Retningslinjer for personvern - Ventizolve Suomi\",\"isPartOf\":{\"@id\":\"https:\\\/\\\/fi.ventizolve.com\\\/sv\\\/#website\"},\"datePublished\":\"2020-05-19T10:23:05+00:00\",\"dateModified\":\"2025-06-23T14:26:50+00:00\",\"breadcrumb\":{\"@id\":\"https:\\\/\\\/fi.ventizolve.com\\\/sv\\\/retningslinjer-for-personvern-2\\\/#breadcrumb\"},\"inLanguage\":\"sv-SE\",\"potentialAction\":[{\"@type\":\"ReadAction\",\"target\":[\"https:\\\/\\\/fi.ventizolve.com\\\/sv\\\/retningslinjer-for-personvern-2\\\/\"]}]},{\"@type\":\"BreadcrumbList\",\"@id\":\"https:\\\/\\\/fi.ventizolve.com\\\/sv\\\/retningslinjer-for-personvern-2\\\/#breadcrumb\",\"itemListElement\":[{\"@type\":\"ListItem\",\"position\":1,\"name\":\"Home\",\"item\":\"https:\\\/\\\/fi.ventizolve.com\\\/sv\\\/\"},{\"@type\":\"ListItem\",\"position\":2,\"name\":\"Retningslinjer for personvern\"}]},{\"@type\":\"WebSite\",\"@id\":\"https:\\\/\\\/fi.ventizolve.com\\\/sv\\\/#website\",\"url\":\"https:\\\/\\\/fi.ventizolve.com\\\/sv\\\/\",\"name\":\"Ventizolve Suomi\",\"description\":\"Miten Ventizolve-valmistetta k\u00e4ytet\u00e4\u00e4n opioidien yliannostuksen yhteydess\u00e4\",\"publisher\":{\"@id\":\"https:\\\/\\\/fi.ventizolve.com\\\/sv\\\/#organization\"},\"potentialAction\":[{\"@type\":\"SearchAction\",\"target\":{\"@type\":\"EntryPoint\",\"urlTemplate\":\"https:\\\/\\\/fi.ventizolve.com\\\/sv\\\/?s={search_term_string}\"},\"query-input\":{\"@type\":\"PropertyValueSpecification\",\"valueRequired\":true,\"valueName\":\"search_term_string\"}}],\"inLanguage\":\"sv-SE\"},{\"@type\":\"Organization\",\"@id\":\"https:\\\/\\\/fi.ventizolve.com\\\/sv\\\/#organization\",\"name\":\"Ventizolve Suomi\",\"url\":\"https:\\\/\\\/fi.ventizolve.com\\\/sv\\\/\",\"logo\":{\"@type\":\"ImageObject\",\"inLanguage\":\"sv-SE\",\"@id\":\"https:\\\/\\\/fi.ventizolve.com\\\/sv\\\/#\\\/schema\\\/logo\\\/image\\\/\",\"url\":\"https:\\\/\\\/fi.ventizolve.com\\\/wp-content\\\/uploads\\\/sites\\\/4\\\/2020\\\/05\\\/Ventizolve-Logo-V2.png\",\"contentUrl\":\"https:\\\/\\\/fi.ventizolve.com\\\/wp-content\\\/uploads\\\/sites\\\/4\\\/2020\\\/05\\\/Ventizolve-Logo-V2.png\",\"width\":320,\"height\":120,\"caption\":\"Ventizolve Suomi\"},\"image\":{\"@id\":\"https:\\\/\\\/fi.ventizolve.com\\\/sv\\\/#\\\/schema\\\/logo\\\/image\\\/\"}}]}<\/script>\n<!-- \/ Yoast SEO plugin. -->","yoast_head_json":{"title":"Retningslinjer for personvern - Ventizolve Suomi","robots":{"index":"noindex","follow":"follow","max-snippet":"max-snippet:-1","max-image-preview":"max-image-preview:large","max-video-preview":"max-video-preview:-1"},"og_locale":"sv_SE","og_type":"article","og_title":"Retningslinjer for personvern - Ventizolve Suomi","og_description":"Personuppgiftsskydd N\u00e4r du anv\u00e4nder v\u00e5r webbplats kommer dne pharma AS att behandla dina personuppgifter. Nedan finns information om vilka personuppgifter som insamlas, varf\u00f6r vi g\u00f6r det och dina r\u00e4ttigheter i samband med behandling av personuppgifter. Personuppgiftsansvarig \u00e4r dne pharma AS och bolagets vd Geir Ivar Simonsen. dne pharma AS Kontaktuppgifter: Adress: Karihaugveien 22, 1068 OsloE-post:&nbsp;post@dnepharma.noTelefon: [&hellip;]","og_url":"https:\/\/fi.ventizolve.com\/sv\/retningslinjer-for-personvern-2\/","og_site_name":"Ventizolve Suomi","article_modified_time":"2025-06-23T14:26:50+00:00","twitter_card":"summary_large_image","twitter_misc":{"Est. reading time":"3 minuter"},"schema":{"@context":"https:\/\/schema.org","@graph":[{"@type":"WebPage","@id":"https:\/\/fi.ventizolve.com\/sv\/retningslinjer-for-personvern-2\/","url":"https:\/\/fi.ventizolve.com\/sv\/retningslinjer-for-personvern-2\/","name":"Retningslinjer for personvern - Ventizolve Suomi","isPartOf":{"@id":"https:\/\/fi.ventizolve.com\/sv\/#website"},"datePublished":"2020-05-19T10:23:05+00:00","dateModified":"2025-06-23T14:26:50+00:00","breadcrumb":{"@id":"https:\/\/fi.ventizolve.com\/sv\/retningslinjer-for-personvern-2\/#breadcrumb"},"inLanguage":"sv-SE","potentialAction":[{"@type":"ReadAction","target":["https:\/\/fi.ventizolve.com\/sv\/retningslinjer-for-personvern-2\/"]}]},{"@type":"BreadcrumbList","@id":"https:\/\/fi.ventizolve.com\/sv\/retningslinjer-for-personvern-2\/#breadcrumb","itemListElement":[{"@type":"ListItem","position":1,"name":"Home","item":"https:\/\/fi.ventizolve.com\/sv\/"},{"@type":"ListItem","position":2,"name":"Retningslinjer for personvern"}]},{"@type":"WebSite","@id":"https:\/\/fi.ventizolve.com\/sv\/#website","url":"https:\/\/fi.ventizolve.com\/sv\/","name":"Ventizolve Suomi","description":"Miten Ventizolve-valmistetta k\u00e4ytet\u00e4\u00e4n opioidien yliannostuksen yhteydess\u00e4","publisher":{"@id":"https:\/\/fi.ventizolve.com\/sv\/#organization"},"potentialAction":[{"@type":"SearchAction","target":{"@type":"EntryPoint","urlTemplate":"https:\/\/fi.ventizolve.com\/sv\/?s={search_term_string}"},"query-input":{"@type":"PropertyValueSpecification","valueRequired":true,"valueName":"search_term_string"}}],"inLanguage":"sv-SE"},{"@type":"Organization","@id":"https:\/\/fi.ventizolve.com\/sv\/#organization","name":"Ventizolve Suomi","url":"https:\/\/fi.ventizolve.com\/sv\/","logo":{"@type":"ImageObject","inLanguage":"sv-SE","@id":"https:\/\/fi.ventizolve.com\/sv\/#\/schema\/logo\/image\/","url":"https:\/\/fi.ventizolve.com\/wp-content\/uploads\/sites\/4\/2020\/05\/Ventizolve-Logo-V2.png","contentUrl":"https:\/\/fi.ventizolve.com\/wp-content\/uploads\/sites\/4\/2020\/05\/Ventizolve-Logo-V2.png","width":320,"height":120,"caption":"Ventizolve Suomi"},"image":{"@id":"https:\/\/fi.ventizolve.com\/sv\/#\/schema\/logo\/image\/"}}]}},"_links":{"self":[{"href":"https:\/\/fi.ventizolve.com\/sv\/wp-json\/wp\/v2\/pages\/328","targetHints":{"allow":["GET"]}}],"collection":[{"href":"https:\/\/fi.ventizolve.com\/sv\/wp-json\/wp\/v2\/pages"}],"about":[{"href":"https:\/\/fi.ventizolve.com\/sv\/wp-json\/wp\/v2\/types\/page"}],"author":[{"embeddable":true,"href":"https:\/\/fi.ventizolve.com\/sv\/wp-json\/wp\/v2\/users\/2"}],"replies":[{"embeddable":true,"href":"https:\/\/fi.ventizolve.com\/sv\/wp-json\/wp\/v2\/comments?post=328"}],"version-history":[{"count":0,"href":"https:\/\/fi.ventizolve.com\/sv\/wp-json\/wp\/v2\/pages\/328\/revisions"}],"wp:attachment":[{"href":"https:\/\/fi.ventizolve.com\/sv\/wp-json\/wp\/v2\/media?parent=328"}],"curies":[{"name":"wp","href":"https:\/\/api.w.org\/{rel}","templated":true}]}}