{"id":326,"date":"2020-05-19T10:21:24","date_gmt":"2020-05-19T10:21:24","guid":{"rendered":"https:\/\/fi.ventizolvestg.wpengine.com\/evasteiden-kaytto\/"},"modified":"2025-06-23T14:30:47","modified_gmt":"2025-06-23T14:30:47","slug":"retningslinjer-for-informasjonskapsler","status":"publish","type":"page","link":"https:\/\/fi.ventizolve.com\/sv\/retningslinjer-for-informasjonskapsler\/","title":{"rendered":"Retningslinjer for informasjonskapsler"},"content":{"rendered":"\n<h3 class=\"wp-block-heading\">Vad \u00e4r cookies?<\/h3>\n\n\n\n<p>Cookies (kakor) \u00e4r sm\u00e5 textfiler som l\u00e4ggs in i din dator eller mobil n\u00e4r du laddar ner en webbsida. Cookies kan anv\u00e4ndas f\u00f6r att lagra inloggningsuppgifter, komma ih\u00e5g anv\u00e4ndarval, ge mer relevanta s\u00f6kresultat eller samla in och analysera statistik om anv\u00e4ndningen av webbplatsen.<\/p>\n\n\n\n<p>Lagringen av cookies regleras av ekomloven och dne pharma \u00e4r enligt ekomloven \u00a7 2-7b skyldig att informera anv\u00e4ndare av svensk.fi om anv\u00e4ndandet av cookies.<\/p>\n\n\n\n<h3 class=\"wp-block-heading\">\u00c4ndam\u00e5l vid anv\u00e4ndning av cookies p\u00e5 svensk.fi<\/h3>\n\n\n\n<p>Vi anv\u00e4nder cookies f\u00f6r ett \u00e4ndam\u00e5l:<\/p>\n\n\n\n<ul class=\"wp-block-list\">\n<li>F\u00f6r att tillgodose s\u00e4kerheten p\u00e5 v\u00e5ra webbsidor<\/li>\n<\/ul>\n\n\n\n<h3 class=\"wp-block-heading\">Samtycke<\/h3>\n\n\n\n<p>Genom att bes\u00f6ka ventizolve.com samtycker du till att vi installerar de cookies som \u00e4r n\u00f6dv\u00e4ndiga f\u00f6r att du ska kunna anv\u00e4nda v\u00e5ra webbsidor. Samtycket l\u00e4mnas automatiskt om du anv\u00e4nder en webbl\u00e4sare som \u00e4r inst\u00e4lld p\u00e5 ett s\u00e5dant s\u00e4tt att cookies blir automatiskt godk\u00e4nda.<\/p>\n\n\n\n<h3 class=\"wp-block-heading\">\u00d6versikt \u00f6ver cookies som anv\u00e4nds p\u00e5 Respinal.se<\/h3>\n\n\n\n<figure class=\"wp-block-table\"><table class=\"has-fixed-layout\"><tbody><tr><td><strong>Namn<\/strong><\/td><td><strong>\u00c4ndam\u00e5l<\/strong><\/td><td><strong>Valfrihet<\/strong><\/td><td><strong>Lagringstid<\/strong><\/td><\/tr><tr><td>__cfduid<\/td><td>Tillgodose s\u00e4kerheten p\u00e5 svensk.fi<\/td><td>N\u00f6dv\u00e4ndig<\/td><td>30 dager<\/td><\/tr><\/tbody><\/table><\/figure>\n\n\n\n<h3 class=\"wp-block-heading\">Information om cookies som anv\u00e4nds p\u00e5 v\u00e5ra sidor<\/h3>\n\n\n\n<p><em>__cfduid<\/em><em><\/em><\/p>\n\n\n\n<p>Cookien \u00e4n inlagd av CloudFare. Cookien anv\u00e4nds f\u00f6r att identifiera individuella kunder med en delad IP-adress och g\u00f6r att Cloudfare kan uppt\u00e4cka skadliga bes\u00f6kare och minimera blockeringen av legitima anv\u00e4ndare. Cookien \u00e4r n\u00f6dv\u00e4ndig f\u00f6r att st\u00f6dja Cloudfares s\u00e4kerhetsfunktioner. Cookien insamlar och anonymiserar IP-adresser f\u00f6r svensk.fi s\u00e5 att vi inte kan identifiera dig som person.<\/p>\n\n\n\n<h3 class=\"wp-block-heading\">Administrera cookies<\/h3>\n\n\n\n<p>Om du inte accepterar v\u00e5r anv\u00e4ndning av cookies kan du \u00e5terkalla ditt samtycke genom att \u00e4ndra inst\u00e4llningarna i webbl\u00e4saren. L\u00e4s mer om hur du kan g\u00f6ra detta p\u00e5&nbsp;<a href=\"https:\/\/nettvett.no\/slik-administrer-du-informasjonskapsler\/\">Nettvett.no<\/a>.<\/p>\n\n\n\n<p>Observera dock att detta kan inneb\u00e4ra att tj\u00e4nsterna p\u00e5 v\u00e5ra hemsidor inte fungerar optimalt.<\/p>\n","protected":false},"excerpt":{"rendered":"<p>Vad \u00e4r cookies? Cookies (kakor) \u00e4r sm\u00e5 textfiler som l\u00e4ggs in i din dator eller mobil n\u00e4r du laddar ner en webbsida. Cookies kan anv\u00e4ndas f\u00f6r att lagra inloggningsuppgifter, komma ih\u00e5g anv\u00e4ndarval, ge mer relevanta s\u00f6kresultat eller samla in och analysera statistik om anv\u00e4ndningen av webbplatsen. Lagringen av cookies regleras av ekomloven och dne pharma [&hellip;]<\/p>\n","protected":false},"author":2,"featured_media":0,"parent":0,"menu_order":0,"comment_status":"closed","ping_status":"closed","template":"","meta":{"_acf_changed":false,"footnotes":""},"class_list":["post-326","page","type-page","status-publish","hentry"],"acf":[],"yoast_head":"<!-- This site is optimized with the Yoast SEO plugin v27.5 - https:\/\/yoast.com\/product\/yoast-seo-wordpress\/ -->\n<title>Retningslinjer for informasjonskapsler - Ventizolve Suomi<\/title>\n<meta name=\"robots\" content=\"noindex, follow, max-snippet:-1, max-image-preview:large, max-video-preview:-1\" \/>\n<meta property=\"og:locale\" content=\"sv_SE\" \/>\n<meta property=\"og:type\" content=\"article\" \/>\n<meta property=\"og:title\" content=\"Retningslinjer for informasjonskapsler - Ventizolve Suomi\" \/>\n<meta property=\"og:description\" content=\"Vad \u00e4r cookies? Cookies (kakor) \u00e4r sm\u00e5 textfiler som l\u00e4ggs in i din dator eller mobil n\u00e4r du laddar ner en webbsida. Cookies kan anv\u00e4ndas f\u00f6r att lagra inloggningsuppgifter, komma ih\u00e5g anv\u00e4ndarval, ge mer relevanta s\u00f6kresultat eller samla in och analysera statistik om anv\u00e4ndningen av webbplatsen. Lagringen av cookies regleras av ekomloven och dne pharma [&hellip;]\" \/>\n<meta property=\"og:url\" content=\"https:\/\/fi.ventizolve.com\/sv\/retningslinjer-for-informasjonskapsler\/\" \/>\n<meta property=\"og:site_name\" content=\"Ventizolve Suomi\" \/>\n<meta property=\"article:modified_time\" content=\"2025-06-23T14:30:47+00:00\" \/>\n<meta name=\"twitter:card\" content=\"summary_large_image\" \/>\n<meta name=\"twitter:label1\" content=\"Est. reading time\" \/>\n\t<meta name=\"twitter:data1\" content=\"2 minuter\" \/>\n<script type=\"application\/ld+json\" class=\"yoast-schema-graph\">{\"@context\":\"https:\\\/\\\/schema.org\",\"@graph\":[{\"@type\":\"WebPage\",\"@id\":\"https:\\\/\\\/fi.ventizolve.com\\\/sv\\\/retningslinjer-for-informasjonskapsler\\\/\",\"url\":\"https:\\\/\\\/fi.ventizolve.com\\\/sv\\\/retningslinjer-for-informasjonskapsler\\\/\",\"name\":\"Retningslinjer for informasjonskapsler - Ventizolve Suomi\",\"isPartOf\":{\"@id\":\"https:\\\/\\\/fi.ventizolve.com\\\/sv\\\/#website\"},\"datePublished\":\"2020-05-19T10:21:24+00:00\",\"dateModified\":\"2025-06-23T14:30:47+00:00\",\"breadcrumb\":{\"@id\":\"https:\\\/\\\/fi.ventizolve.com\\\/sv\\\/retningslinjer-for-informasjonskapsler\\\/#breadcrumb\"},\"inLanguage\":\"sv-SE\",\"potentialAction\":[{\"@type\":\"ReadAction\",\"target\":[\"https:\\\/\\\/fi.ventizolve.com\\\/sv\\\/retningslinjer-for-informasjonskapsler\\\/\"]}]},{\"@type\":\"BreadcrumbList\",\"@id\":\"https:\\\/\\\/fi.ventizolve.com\\\/sv\\\/retningslinjer-for-informasjonskapsler\\\/#breadcrumb\",\"itemListElement\":[{\"@type\":\"ListItem\",\"position\":1,\"name\":\"Home\",\"item\":\"https:\\\/\\\/fi.ventizolve.com\\\/sv\\\/\"},{\"@type\":\"ListItem\",\"position\":2,\"name\":\"Retningslinjer for informasjonskapsler\"}]},{\"@type\":\"WebSite\",\"@id\":\"https:\\\/\\\/fi.ventizolve.com\\\/sv\\\/#website\",\"url\":\"https:\\\/\\\/fi.ventizolve.com\\\/sv\\\/\",\"name\":\"Ventizolve Suomi\",\"description\":\"Miten Ventizolve-valmistetta k\u00e4ytet\u00e4\u00e4n opioidien yliannostuksen yhteydess\u00e4\",\"publisher\":{\"@id\":\"https:\\\/\\\/fi.ventizolve.com\\\/sv\\\/#organization\"},\"potentialAction\":[{\"@type\":\"SearchAction\",\"target\":{\"@type\":\"EntryPoint\",\"urlTemplate\":\"https:\\\/\\\/fi.ventizolve.com\\\/sv\\\/?s={search_term_string}\"},\"query-input\":{\"@type\":\"PropertyValueSpecification\",\"valueRequired\":true,\"valueName\":\"search_term_string\"}}],\"inLanguage\":\"sv-SE\"},{\"@type\":\"Organization\",\"@id\":\"https:\\\/\\\/fi.ventizolve.com\\\/sv\\\/#organization\",\"name\":\"Ventizolve Suomi\",\"url\":\"https:\\\/\\\/fi.ventizolve.com\\\/sv\\\/\",\"logo\":{\"@type\":\"ImageObject\",\"inLanguage\":\"sv-SE\",\"@id\":\"https:\\\/\\\/fi.ventizolve.com\\\/sv\\\/#\\\/schema\\\/logo\\\/image\\\/\",\"url\":\"https:\\\/\\\/fi.ventizolve.com\\\/wp-content\\\/uploads\\\/sites\\\/4\\\/2020\\\/05\\\/Ventizolve-Logo-V2.png\",\"contentUrl\":\"https:\\\/\\\/fi.ventizolve.com\\\/wp-content\\\/uploads\\\/sites\\\/4\\\/2020\\\/05\\\/Ventizolve-Logo-V2.png\",\"width\":320,\"height\":120,\"caption\":\"Ventizolve Suomi\"},\"image\":{\"@id\":\"https:\\\/\\\/fi.ventizolve.com\\\/sv\\\/#\\\/schema\\\/logo\\\/image\\\/\"}}]}<\/script>\n<!-- \/ Yoast SEO plugin. -->","yoast_head_json":{"title":"Retningslinjer for informasjonskapsler - Ventizolve Suomi","robots":{"index":"noindex","follow":"follow","max-snippet":"max-snippet:-1","max-image-preview":"max-image-preview:large","max-video-preview":"max-video-preview:-1"},"og_locale":"sv_SE","og_type":"article","og_title":"Retningslinjer for informasjonskapsler - Ventizolve Suomi","og_description":"Vad \u00e4r cookies? Cookies (kakor) \u00e4r sm\u00e5 textfiler som l\u00e4ggs in i din dator eller mobil n\u00e4r du laddar ner en webbsida. Cookies kan anv\u00e4ndas f\u00f6r att lagra inloggningsuppgifter, komma ih\u00e5g anv\u00e4ndarval, ge mer relevanta s\u00f6kresultat eller samla in och analysera statistik om anv\u00e4ndningen av webbplatsen. Lagringen av cookies regleras av ekomloven och dne pharma [&hellip;]","og_url":"https:\/\/fi.ventizolve.com\/sv\/retningslinjer-for-informasjonskapsler\/","og_site_name":"Ventizolve Suomi","article_modified_time":"2025-06-23T14:30:47+00:00","twitter_card":"summary_large_image","twitter_misc":{"Est. reading time":"2 minuter"},"schema":{"@context":"https:\/\/schema.org","@graph":[{"@type":"WebPage","@id":"https:\/\/fi.ventizolve.com\/sv\/retningslinjer-for-informasjonskapsler\/","url":"https:\/\/fi.ventizolve.com\/sv\/retningslinjer-for-informasjonskapsler\/","name":"Retningslinjer for informasjonskapsler - Ventizolve Suomi","isPartOf":{"@id":"https:\/\/fi.ventizolve.com\/sv\/#website"},"datePublished":"2020-05-19T10:21:24+00:00","dateModified":"2025-06-23T14:30:47+00:00","breadcrumb":{"@id":"https:\/\/fi.ventizolve.com\/sv\/retningslinjer-for-informasjonskapsler\/#breadcrumb"},"inLanguage":"sv-SE","potentialAction":[{"@type":"ReadAction","target":["https:\/\/fi.ventizolve.com\/sv\/retningslinjer-for-informasjonskapsler\/"]}]},{"@type":"BreadcrumbList","@id":"https:\/\/fi.ventizolve.com\/sv\/retningslinjer-for-informasjonskapsler\/#breadcrumb","itemListElement":[{"@type":"ListItem","position":1,"name":"Home","item":"https:\/\/fi.ventizolve.com\/sv\/"},{"@type":"ListItem","position":2,"name":"Retningslinjer for informasjonskapsler"}]},{"@type":"WebSite","@id":"https:\/\/fi.ventizolve.com\/sv\/#website","url":"https:\/\/fi.ventizolve.com\/sv\/","name":"Ventizolve Suomi","description":"Miten Ventizolve-valmistetta k\u00e4ytet\u00e4\u00e4n opioidien yliannostuksen yhteydess\u00e4","publisher":{"@id":"https:\/\/fi.ventizolve.com\/sv\/#organization"},"potentialAction":[{"@type":"SearchAction","target":{"@type":"EntryPoint","urlTemplate":"https:\/\/fi.ventizolve.com\/sv\/?s={search_term_string}"},"query-input":{"@type":"PropertyValueSpecification","valueRequired":true,"valueName":"search_term_string"}}],"inLanguage":"sv-SE"},{"@type":"Organization","@id":"https:\/\/fi.ventizolve.com\/sv\/#organization","name":"Ventizolve Suomi","url":"https:\/\/fi.ventizolve.com\/sv\/","logo":{"@type":"ImageObject","inLanguage":"sv-SE","@id":"https:\/\/fi.ventizolve.com\/sv\/#\/schema\/logo\/image\/","url":"https:\/\/fi.ventizolve.com\/wp-content\/uploads\/sites\/4\/2020\/05\/Ventizolve-Logo-V2.png","contentUrl":"https:\/\/fi.ventizolve.com\/wp-content\/uploads\/sites\/4\/2020\/05\/Ventizolve-Logo-V2.png","width":320,"height":120,"caption":"Ventizolve Suomi"},"image":{"@id":"https:\/\/fi.ventizolve.com\/sv\/#\/schema\/logo\/image\/"}}]}},"_links":{"self":[{"href":"https:\/\/fi.ventizolve.com\/sv\/wp-json\/wp\/v2\/pages\/326","targetHints":{"allow":["GET"]}}],"collection":[{"href":"https:\/\/fi.ventizolve.com\/sv\/wp-json\/wp\/v2\/pages"}],"about":[{"href":"https:\/\/fi.ventizolve.com\/sv\/wp-json\/wp\/v2\/types\/page"}],"author":[{"embeddable":true,"href":"https:\/\/fi.ventizolve.com\/sv\/wp-json\/wp\/v2\/users\/2"}],"replies":[{"embeddable":true,"href":"https:\/\/fi.ventizolve.com\/sv\/wp-json\/wp\/v2\/comments?post=326"}],"version-history":[{"count":0,"href":"https:\/\/fi.ventizolve.com\/sv\/wp-json\/wp\/v2\/pages\/326\/revisions"}],"wp:attachment":[{"href":"https:\/\/fi.ventizolve.com\/sv\/wp-json\/wp\/v2\/media?parent=326"}],"curies":[{"name":"wp","href":"https:\/\/api.w.org\/{rel}","templated":true}]}}