{"id":322,"date":"2020-05-19T13:30:34","date_gmt":"2020-05-19T13:30:34","guid":{"rendered":"https:\/\/fi.ventizolvestg.wpengine.com\/hemsida\/ohjeita-terveydenhuollon-ammattilaisille\/"},"modified":"2026-05-12T09:01:54","modified_gmt":"2026-05-12T09:01:54","slug":"vagledning-for-halso-och-sjukvardspersonal","status":"publish","type":"page","link":"https:\/\/fi.ventizolve.com\/sv\/hemsida-2\/vagledning-for-halso-och-sjukvardspersonal\/","title":{"rendered":"V\u00e4gledning f\u00f6r h\u00e4lso- och sjukv\u00e5rdspersonal"},"content":{"rendered":"\n<div class=\"wp-block-group alignfull has-global-padding is-layout-constrained wp-block-group-is-layout-constrained\">\n<div class=\"wp-block-group alignfull wp-embed-aspect-16-9 wp-has-aspect-ratio has-global-padding is-layout-constrained wp-container-core-group-is-layout-6afe6662 wp-block-group-is-layout-constrained\" style=\"padding-top:70px;padding-right:30px;padding-bottom:var(--wp--preset--spacing--x-large);padding-left:30px\">\n<div class=\"wp-block-columns alignwide are-vertically-aligned-top is-layout-flex wp-container-core-columns-is-layout-4b84a608 wp-block-columns-is-layout-flex\">\n<div class=\"wp-block-column is-vertically-aligned-top is-layout-flow wp-container-core-column-is-layout-0a386c5a wp-block-column-is-layout-flow\" style=\"flex-basis:100%\">\n<h2 class=\"wp-block-heading has-max-36-font-size\">P\u00e5 denna sida hittar du information om:<\/h2>\n\n\n\n<ul class=\"wp-block-list\">\n<li>V\u00e4gledning f\u00f6r h\u00e4lso- och sjukv\u00e5rdspersonal<\/li>\n\n\n\n<li>F\u00f6rskrivningsinformation<\/li>\n<\/ul>\n\n\n\n<p><strong>Patientinformationskort kan ocks\u00e5 best\u00e4llas fr\u00e5n oss.<\/strong><\/p>\n<\/div>\n\n\n\n<div class=\"wp-block-column is-vertically-aligned-top is-layout-flow wp-container-core-column-is-layout-0a386c5a wp-block-column-is-layout-flow\" style=\"flex-basis:100%\">\n<h2 class=\"wp-block-heading has-max-36-font-size\">Instruktionsvideo<\/h2>\n\n\n\n<figure class=\"wp-block-embed is-type-video is-provider-vimeo wp-block-embed-vimeo wp-embed-aspect-16-9 wp-has-aspect-ratio\"><div class=\"wp-block-embed__wrapper\">\n<iframe loading=\"lazy\" title=\"Ventizolve Finnland (Svensk)\" src=\"https:\/\/player.vimeo.com\/video\/467143198?h=318d8374f1&amp;dnt=1&amp;app_id=122963\" width=\"500\" height=\"281\" frameborder=\"0\" allow=\"autoplay; fullscreen; picture-in-picture; clipboard-write; encrypted-media; web-share\" referrerpolicy=\"strict-origin-when-cross-origin\"><\/iframe>\n<\/div><\/figure>\n<\/div>\n<\/div>\n<\/div>\n\n\n\n<div class=\"wp-block-group alignwide wp-embed-aspect-16-9 wp-has-aspect-ratio is-layout-flow wp-container-core-group-is-layout-a77db08e wp-block-group-is-layout-flow\">\n<div class=\"wp-block-columns is-layout-flex wp-container-core-columns-is-layout-4b84a608 wp-block-columns-is-layout-flex\">\n<div class=\"wp-block-column has-contrast-color has-neutral-background-color has-text-color has-background is-layout-flow wp-block-column-is-layout-flow\" style=\"padding-top:var(--wp--preset--spacing--small);padding-right:var(--wp--preset--spacing--small);padding-bottom:var(--wp--preset--spacing--small);padding-left:var(--wp--preset--spacing--small)\">\n<h3 class=\"wp-block-heading\" id=\"sample-heading-1\">V\u00e4gledning f\u00f6r h\u00e4lso- och sjukv\u00e5rdspersonal<\/h3>\n\n\n\n<div class=\"wp-block-buttons is-layout-flex wp-block-buttons-is-layout-flex\">\n<div class=\"wp-block-button\"><a class=\"wp-block-button__link wp-element-button\" href=\"http:\/\/fi.ventizolve.com\/wp-content\/uploads\/sites\/4\/2025\/06\/FI-Guidence-document-HCP-2020-06-18-signert-NM.pdf\" style=\"padding-top:var(--wp--preset--spacing--x-small);padding-right:var(--wp--preset--spacing--medium);padding-bottom:var(--wp--preset--spacing--x-small);padding-left:var(--wp--preset--spacing--medium)\">Ladda ner<\/a><\/div>\n<\/div>\n<\/div>\n\n\n\n<div class=\"wp-block-column has-contrast-color has-neutral-background-color has-text-color has-background is-layout-flow wp-block-column-is-layout-flow\" style=\"padding-top:var(--wp--preset--spacing--small);padding-right:var(--wp--preset--spacing--small);padding-bottom:var(--wp--preset--spacing--small);padding-left:var(--wp--preset--spacing--small)\">\n<h3 class=\"wp-block-heading\" id=\"sample-heading-1\">Snabbstartsguide<\/h3>\n\n\n\n<div class=\"wp-block-buttons is-layout-flex wp-block-buttons-is-layout-flex\">\n<div class=\"wp-block-button\"><a class=\"wp-block-button__link wp-element-button\" href=\"http:\/\/fi.ventizolve.com\/wp-content\/uploads\/sites\/4\/2025\/06\/Ventizolve_QRG_Swedish_001.jpg\" style=\"padding-top:var(--wp--preset--spacing--x-small);padding-right:var(--wp--preset--spacing--medium);padding-bottom:var(--wp--preset--spacing--x-small);padding-left:var(--wp--preset--spacing--medium)\">Ladda ner<\/a><\/div>\n<\/div>\n<\/div>\n\n\n\n<div class=\"wp-block-column has-contrast-color has-neutral-background-color has-text-color has-background is-layout-flow wp-block-column-is-layout-flow\" style=\"padding-top:var(--wp--preset--spacing--small);padding-right:var(--wp--preset--spacing--small);padding-bottom:var(--wp--preset--spacing--small);padding-left:var(--wp--preset--spacing--small)\">\n<h3 class=\"wp-block-heading\" id=\"sample-heading-1\">F\u00f6rskrivningsinformation<\/h3>\n\n\n\n<div class=\"wp-block-buttons is-layout-flex wp-block-buttons-is-layout-flex\">\n<div class=\"wp-block-button\"><a class=\"wp-block-button__link wp-element-button\" href=\"https:\/\/laakeohje.fi\/catalog\/public\/ChangeLocale.do?locale=sv\" style=\"padding-top:var(--wp--preset--spacing--x-small);padding-right:var(--wp--preset--spacing--medium);padding-bottom:var(--wp--preset--spacing--x-small);padding-left:var(--wp--preset--spacing--medium)\">L\u00e4s mer<\/a><\/div>\n<\/div>\n<\/div>\n<\/div>\n<\/div>\n<\/div>\n\n\n\n<p><\/p>\n","protected":false},"excerpt":{"rendered":"<p>P\u00e5 denna sida hittar du information om: Patientinformationskort kan ocks\u00e5 best\u00e4llas fr\u00e5n oss. Instruktionsvideo V\u00e4gledning f\u00f6r h\u00e4lso- och sjukv\u00e5rdspersonal Snabbstartsguide F\u00f6rskrivningsinformation<\/p>\n","protected":false},"author":2,"featured_media":0,"parent":307,"menu_order":0,"comment_status":"closed","ping_status":"closed","template":"","meta":{"_acf_changed":false,"footnotes":""},"class_list":["post-322","page","type-page","status-publish","hentry"],"acf":[],"yoast_head":"<!-- This site is optimized with the Yoast SEO plugin v27.5 - https:\/\/yoast.com\/product\/yoast-seo-wordpress\/ -->\n<title>V\u00e4gledning f\u00f6r h\u00e4lso- och sjukv\u00e5rdspersonal - Ventizolve Suomi<\/title>\n<meta name=\"robots\" content=\"noindex, follow, max-snippet:-1, max-image-preview:large, max-video-preview:-1\" \/>\n<meta property=\"og:locale\" content=\"sv_SE\" \/>\n<meta property=\"og:type\" content=\"article\" \/>\n<meta property=\"og:title\" content=\"V\u00e4gledning f\u00f6r h\u00e4lso- och sjukv\u00e5rdspersonal - Ventizolve Suomi\" \/>\n<meta property=\"og:description\" content=\"P\u00e5 denna sida hittar du information om: Patientinformationskort kan ocks\u00e5 best\u00e4llas fr\u00e5n oss. Instruktionsvideo V\u00e4gledning f\u00f6r h\u00e4lso- och sjukv\u00e5rdspersonal Snabbstartsguide F\u00f6rskrivningsinformation\" \/>\n<meta property=\"og:url\" content=\"https:\/\/fi.ventizolve.com\/sv\/hemsida-2\/vagledning-for-halso-och-sjukvardspersonal\/\" \/>\n<meta property=\"og:site_name\" content=\"Ventizolve Suomi\" \/>\n<meta property=\"article:modified_time\" content=\"2026-05-12T09:01:54+00:00\" \/>\n<meta name=\"twitter:card\" content=\"summary_large_image\" \/>\n<meta name=\"twitter:label1\" content=\"Est. reading time\" \/>\n\t<meta name=\"twitter:data1\" content=\"1 minut\" \/>\n<script type=\"application\/ld+json\" class=\"yoast-schema-graph\">{\"@context\":\"https:\\\/\\\/schema.org\",\"@graph\":[{\"@type\":\"WebPage\",\"@id\":\"https:\\\/\\\/fi.ventizolve.com\\\/sv\\\/hemsida-2\\\/vagledning-for-halso-och-sjukvardspersonal\\\/\",\"url\":\"https:\\\/\\\/fi.ventizolve.com\\\/sv\\\/hemsida-2\\\/vagledning-for-halso-och-sjukvardspersonal\\\/\",\"name\":\"V\u00e4gledning f\u00f6r h\u00e4lso- och sjukv\u00e5rdspersonal - Ventizolve Suomi\",\"isPartOf\":{\"@id\":\"https:\\\/\\\/fi.ventizolve.com\\\/sv\\\/#website\"},\"datePublished\":\"2020-05-19T13:30:34+00:00\",\"dateModified\":\"2026-05-12T09:01:54+00:00\",\"breadcrumb\":{\"@id\":\"https:\\\/\\\/fi.ventizolve.com\\\/sv\\\/hemsida-2\\\/vagledning-for-halso-och-sjukvardspersonal\\\/#breadcrumb\"},\"inLanguage\":\"sv-SE\",\"potentialAction\":[{\"@type\":\"ReadAction\",\"target\":[\"https:\\\/\\\/fi.ventizolve.com\\\/sv\\\/hemsida-2\\\/vagledning-for-halso-och-sjukvardspersonal\\\/\"]}]},{\"@type\":\"BreadcrumbList\",\"@id\":\"https:\\\/\\\/fi.ventizolve.com\\\/sv\\\/hemsida-2\\\/vagledning-for-halso-och-sjukvardspersonal\\\/#breadcrumb\",\"itemListElement\":[{\"@type\":\"ListItem\",\"position\":1,\"name\":\"Home\",\"item\":\"https:\\\/\\\/fi.ventizolve.com\\\/sv\\\/\"},{\"@type\":\"ListItem\",\"position\":2,\"name\":\"V\u00e4gledning f\u00f6r h\u00e4lso- och sjukv\u00e5rdspersonal\"}]},{\"@type\":\"WebSite\",\"@id\":\"https:\\\/\\\/fi.ventizolve.com\\\/sv\\\/#website\",\"url\":\"https:\\\/\\\/fi.ventizolve.com\\\/sv\\\/\",\"name\":\"Ventizolve Suomi\",\"description\":\"Miten Ventizolve-valmistetta k\u00e4ytet\u00e4\u00e4n opioidien yliannostuksen yhteydess\u00e4\",\"publisher\":{\"@id\":\"https:\\\/\\\/fi.ventizolve.com\\\/sv\\\/#organization\"},\"potentialAction\":[{\"@type\":\"SearchAction\",\"target\":{\"@type\":\"EntryPoint\",\"urlTemplate\":\"https:\\\/\\\/fi.ventizolve.com\\\/sv\\\/?s={search_term_string}\"},\"query-input\":{\"@type\":\"PropertyValueSpecification\",\"valueRequired\":true,\"valueName\":\"search_term_string\"}}],\"inLanguage\":\"sv-SE\"},{\"@type\":\"Organization\",\"@id\":\"https:\\\/\\\/fi.ventizolve.com\\\/sv\\\/#organization\",\"name\":\"Ventizolve Suomi\",\"url\":\"https:\\\/\\\/fi.ventizolve.com\\\/sv\\\/\",\"logo\":{\"@type\":\"ImageObject\",\"inLanguage\":\"sv-SE\",\"@id\":\"https:\\\/\\\/fi.ventizolve.com\\\/sv\\\/#\\\/schema\\\/logo\\\/image\\\/\",\"url\":\"https:\\\/\\\/fi.ventizolve.com\\\/wp-content\\\/uploads\\\/sites\\\/4\\\/2020\\\/05\\\/Ventizolve-Logo-V2.png\",\"contentUrl\":\"https:\\\/\\\/fi.ventizolve.com\\\/wp-content\\\/uploads\\\/sites\\\/4\\\/2020\\\/05\\\/Ventizolve-Logo-V2.png\",\"width\":320,\"height\":120,\"caption\":\"Ventizolve Suomi\"},\"image\":{\"@id\":\"https:\\\/\\\/fi.ventizolve.com\\\/sv\\\/#\\\/schema\\\/logo\\\/image\\\/\"}}]}<\/script>\n<!-- \/ Yoast SEO plugin. -->","yoast_head_json":{"title":"V\u00e4gledning f\u00f6r h\u00e4lso- och sjukv\u00e5rdspersonal - Ventizolve Suomi","robots":{"index":"noindex","follow":"follow","max-snippet":"max-snippet:-1","max-image-preview":"max-image-preview:large","max-video-preview":"max-video-preview:-1"},"og_locale":"sv_SE","og_type":"article","og_title":"V\u00e4gledning f\u00f6r h\u00e4lso- och sjukv\u00e5rdspersonal - Ventizolve Suomi","og_description":"P\u00e5 denna sida hittar du information om: Patientinformationskort kan ocks\u00e5 best\u00e4llas fr\u00e5n oss. Instruktionsvideo V\u00e4gledning f\u00f6r h\u00e4lso- och sjukv\u00e5rdspersonal Snabbstartsguide F\u00f6rskrivningsinformation","og_url":"https:\/\/fi.ventizolve.com\/sv\/hemsida-2\/vagledning-for-halso-och-sjukvardspersonal\/","og_site_name":"Ventizolve Suomi","article_modified_time":"2026-05-12T09:01:54+00:00","twitter_card":"summary_large_image","twitter_misc":{"Est. reading time":"1 minut"},"schema":{"@context":"https:\/\/schema.org","@graph":[{"@type":"WebPage","@id":"https:\/\/fi.ventizolve.com\/sv\/hemsida-2\/vagledning-for-halso-och-sjukvardspersonal\/","url":"https:\/\/fi.ventizolve.com\/sv\/hemsida-2\/vagledning-for-halso-och-sjukvardspersonal\/","name":"V\u00e4gledning f\u00f6r h\u00e4lso- och sjukv\u00e5rdspersonal - Ventizolve Suomi","isPartOf":{"@id":"https:\/\/fi.ventizolve.com\/sv\/#website"},"datePublished":"2020-05-19T13:30:34+00:00","dateModified":"2026-05-12T09:01:54+00:00","breadcrumb":{"@id":"https:\/\/fi.ventizolve.com\/sv\/hemsida-2\/vagledning-for-halso-och-sjukvardspersonal\/#breadcrumb"},"inLanguage":"sv-SE","potentialAction":[{"@type":"ReadAction","target":["https:\/\/fi.ventizolve.com\/sv\/hemsida-2\/vagledning-for-halso-och-sjukvardspersonal\/"]}]},{"@type":"BreadcrumbList","@id":"https:\/\/fi.ventizolve.com\/sv\/hemsida-2\/vagledning-for-halso-och-sjukvardspersonal\/#breadcrumb","itemListElement":[{"@type":"ListItem","position":1,"name":"Home","item":"https:\/\/fi.ventizolve.com\/sv\/"},{"@type":"ListItem","position":2,"name":"V\u00e4gledning f\u00f6r h\u00e4lso- och sjukv\u00e5rdspersonal"}]},{"@type":"WebSite","@id":"https:\/\/fi.ventizolve.com\/sv\/#website","url":"https:\/\/fi.ventizolve.com\/sv\/","name":"Ventizolve Suomi","description":"Miten Ventizolve-valmistetta k\u00e4ytet\u00e4\u00e4n opioidien yliannostuksen yhteydess\u00e4","publisher":{"@id":"https:\/\/fi.ventizolve.com\/sv\/#organization"},"potentialAction":[{"@type":"SearchAction","target":{"@type":"EntryPoint","urlTemplate":"https:\/\/fi.ventizolve.com\/sv\/?s={search_term_string}"},"query-input":{"@type":"PropertyValueSpecification","valueRequired":true,"valueName":"search_term_string"}}],"inLanguage":"sv-SE"},{"@type":"Organization","@id":"https:\/\/fi.ventizolve.com\/sv\/#organization","name":"Ventizolve Suomi","url":"https:\/\/fi.ventizolve.com\/sv\/","logo":{"@type":"ImageObject","inLanguage":"sv-SE","@id":"https:\/\/fi.ventizolve.com\/sv\/#\/schema\/logo\/image\/","url":"https:\/\/fi.ventizolve.com\/wp-content\/uploads\/sites\/4\/2020\/05\/Ventizolve-Logo-V2.png","contentUrl":"https:\/\/fi.ventizolve.com\/wp-content\/uploads\/sites\/4\/2020\/05\/Ventizolve-Logo-V2.png","width":320,"height":120,"caption":"Ventizolve Suomi"},"image":{"@id":"https:\/\/fi.ventizolve.com\/sv\/#\/schema\/logo\/image\/"}}]}},"_links":{"self":[{"href":"https:\/\/fi.ventizolve.com\/sv\/wp-json\/wp\/v2\/pages\/322","targetHints":{"allow":["GET"]}}],"collection":[{"href":"https:\/\/fi.ventizolve.com\/sv\/wp-json\/wp\/v2\/pages"}],"about":[{"href":"https:\/\/fi.ventizolve.com\/sv\/wp-json\/wp\/v2\/types\/page"}],"author":[{"embeddable":true,"href":"https:\/\/fi.ventizolve.com\/sv\/wp-json\/wp\/v2\/users\/2"}],"replies":[{"embeddable":true,"href":"https:\/\/fi.ventizolve.com\/sv\/wp-json\/wp\/v2\/comments?post=322"}],"version-history":[{"count":1,"href":"https:\/\/fi.ventizolve.com\/sv\/wp-json\/wp\/v2\/pages\/322\/revisions"}],"predecessor-version":[{"id":348,"href":"https:\/\/fi.ventizolve.com\/sv\/wp-json\/wp\/v2\/pages\/322\/revisions\/348"}],"up":[{"embeddable":true,"href":"https:\/\/fi.ventizolve.com\/sv\/wp-json\/wp\/v2\/pages\/307"}],"wp:attachment":[{"href":"https:\/\/fi.ventizolve.com\/sv\/wp-json\/wp\/v2\/media?parent=322"}],"curies":[{"name":"wp","href":"https:\/\/api.w.org\/{rel}","templated":true}]}}