{"id":307,"date":"2025-06-21T15:28:17","date_gmt":"2025-06-21T15:28:17","guid":{"rendered":"https:\/\/fi.ventizolvestg.wpengine.com\/home\/"},"modified":"2026-05-12T09:01:27","modified_gmt":"2026-05-12T09:01:27","slug":"hemsida-2","status":"publish","type":"page","link":"https:\/\/fi.ventizolve.com\/sv\/","title":{"rendered":""},"content":{"rendered":"\n<p>Hur du anv\u00e4nder Ventizolve vid en opioid-\u00f6verdos<\/p>\n\n\n\n<div class=\"wp-block-group alignfull has-global-padding is-layout-constrained wp-container-core-group-is-layout-9b672aa8 wp-block-group-is-layout-constrained\" style=\"padding-top:70px;padding-right:30px;padding-bottom:var(--wp--preset--spacing--x-large);padding-left:30px\">\n<h2 class=\"wp-block-heading alignwide has-max-36-font-size\">Instruktionsvideo<\/h2>\n\n\n\n<div class=\"wp-block-columns alignwide are-vertically-aligned-top is-layout-flex wp-container-core-columns-is-layout-aeef9f53 wp-block-columns-is-layout-flex\" style=\"border-style:none;border-width:0px;margin-top:0;margin-bottom:0;padding-top:30px\">\n<div class=\"wp-block-column is-vertically-aligned-top is-layout-flow wp-container-core-column-is-layout-0a386c5a wp-block-column-is-layout-flow\" style=\"flex-basis:100%\">\n<figure class=\"wp-block-embed is-type-video is-provider-vimeo wp-block-embed-vimeo wp-embed-aspect-16-9 wp-has-aspect-ratio\"><div class=\"wp-block-embed__wrapper\">\n<iframe loading=\"lazy\" title=\"Ventizolve Finnland (Svensk)\" src=\"https:\/\/player.vimeo.com\/video\/467143198?h=318d8374f1&amp;dnt=1&amp;app_id=122963\" width=\"500\" height=\"281\" frameborder=\"0\" allow=\"autoplay; fullscreen; picture-in-picture; clipboard-write; encrypted-media; web-share\" referrerpolicy=\"strict-origin-when-cross-origin\"><\/iframe>\n<\/div><\/figure>\n\n\n\n<p><strong>Indikation:<\/strong>&nbsp;Ventizolve \u00e4r avsett f\u00f6r akut behandling av k\u00e4nd eller misst\u00e4nkt opioid\u00f6verdos som yttrar sig som andningsdepression och\/eller depression av centrala nervsystemet, b\u00e5de i och utanf\u00f6r v\u00e5rdinr\u00e4ttningar. Ventizolve \u00e4r avsett f\u00f6r vuxna. Ventizolve ers\u00e4tter inte akut l\u00e4karv\u00e5rd.<\/p>\n<\/div>\n\n\n\n<div class=\"wp-block-column is-vertically-aligned-top is-layout-flow wp-container-core-column-is-layout-92d440f1 wp-block-column-is-layout-flow\" style=\"padding-top:0;padding-bottom:0;flex-basis:100%\">\n<div class=\"wp-block-group has-global-padding is-layout-constrained wp-container-core-group-is-layout-19e250f3 wp-block-group-is-layout-constrained\">\n<div class=\"wp-block-group alignwide has-contrast-color has-neutral-background-color has-text-color has-background is-layout-flow wp-container-core-group-is-layout-61041693 wp-block-group-is-layout-flow\" style=\"min-height:0px;margin-top:0;margin-bottom:var(--wp--preset--spacing--x-small);padding-top:var(--wp--preset--spacing--medium);padding-right:var(--wp--preset--spacing--medium);padding-bottom:var(--wp--preset--spacing--medium);padding-left:var(--wp--preset--spacing--medium)\">\n<h2 class=\"wp-block-heading has-text-align-left has-x-large-font-size\">V\u00e4gledning f\u00f6r h\u00e4lso- och sjukv\u00e5rdspersonal<\/h2>\n\n\n\n<p class=\"has-text-align-left\" style=\"line-height:1.5\">F\u00e5 information om hur du instruerar andra i att r\u00e4dda liv vid en opioid-\u00f6verdos med Ventizolve n\u00e4sspray<\/p>\n\n\n\n<div class=\"wp-block-buttons is-content-justification-left is-layout-flex wp-container-core-buttons-is-layout-6ca8bdd9 wp-block-buttons-is-layout-flex\" style=\"margin-top:var(--wp--preset--spacing--x-small);margin-bottom:0;padding-top:0;padding-bottom:0\">\n<div class=\"wp-block-button\"><a class=\"wp-block-button__link has-small-font-size has-custom-font-size wp-element-button\" href=\"https:\/\/fi.ventizolve.com\/sv\/hemsida\/vagledning-for-halso-och-sjukvardspersonal\/\" style=\"padding-top:var(--wp--preset--spacing--x-small);padding-right:var(--wp--preset--spacing--medium);padding-bottom:var(--wp--preset--spacing--x-small);padding-left:var(--wp--preset--spacing--medium)\">L\u00e4s mer<\/a><\/div>\n<\/div>\n<\/div>\n\n\n\n<div class=\"wp-block-group alignwide has-contrast-color has-neutral-background-color has-text-color has-background is-layout-flow wp-container-core-group-is-layout-f149b17b wp-block-group-is-layout-flow\" style=\"min-height:0px;margin-top:0;margin-bottom:var(--wp--preset--spacing--x-small);padding-top:var(--wp--preset--spacing--medium);padding-right:var(--wp--preset--spacing--medium);padding-bottom:var(--wp--preset--spacing--medium);padding-left:var(--wp--preset--spacing--medium)\">\n<h2 class=\"wp-block-heading has-text-align-left has-x-large-font-size\">Patientinformation<\/h2>\n\n\n\n<div class=\"wp-block-buttons is-content-justification-left is-layout-flex wp-container-core-buttons-is-layout-ac988431 wp-block-buttons-is-layout-flex\" style=\"margin-top:var(--wp--preset--spacing--x-small);margin-bottom:0\">\n<div class=\"wp-block-button\"><a class=\"wp-block-button__link has-small-font-size has-custom-font-size wp-element-button\" href=\"https:\/\/fi.ventizolve.com\/sv\/hemsida\/patientinformation\/\" style=\"padding-top:var(--wp--preset--spacing--x-small);padding-right:var(--wp--preset--spacing--medium);padding-bottom:var(--wp--preset--spacing--x-small);padding-left:var(--wp--preset--spacing--medium)\">L\u00e4s mer<\/a><\/div>\n<\/div>\n<\/div>\n\n\n\n<div class=\"wp-block-group alignwide has-contrast-color has-neutral-background-color has-text-color has-background is-layout-flow wp-container-core-group-is-layout-eccf2306 wp-block-group-is-layout-flow\" style=\"min-height:0px;margin-top:0;margin-bottom:0px;padding-top:var(--wp--preset--spacing--medium);padding-right:var(--wp--preset--spacing--medium);padding-bottom:var(--wp--preset--spacing--medium);padding-left:var(--wp--preset--spacing--medium)\">\n<h2 class=\"wp-block-heading has-text-align-left has-x-large-font-size\">\u00c5terupplivning<\/h2>\n\n\n\n<p>Du kan l\u00e4sa HLR-instruktioner fr\u00e5n Finlands R\u00f6da Kors hemsida h\u00e4r.<\/p>\n\n\n\n<div class=\"wp-block-buttons is-content-justification-left is-layout-flex wp-container-core-buttons-is-layout-ac988431 wp-block-buttons-is-layout-flex\" style=\"margin-top:var(--wp--preset--spacing--x-small);margin-bottom:0\">\n<div class=\"wp-block-button\"><a class=\"wp-block-button__link has-small-font-size has-custom-font-size wp-element-button\" href=\"https:\/\/www.rodakorset.fi\/forsta-hjalpen\/forsta-hjalpen-anvisningar\/aterupplivning\/?_gl=1*1htutgt*_ga*ODc1MjYxOTg5LjE3NDM1MDYwMTY.*_ga_FMVLRNR4HM*MTc0MzUwNjAxNi4xLjAuMTc0MzUwNjAyMy4wLjAuMA..*_gcl_au*NjEyNjkxODI4LjE3NDM1MDYwMjM.\" style=\"padding-top:var(--wp--preset--spacing--x-small);padding-right:var(--wp--preset--spacing--medium);padding-bottom:var(--wp--preset--spacing--x-small);padding-left:var(--wp--preset--spacing--medium)\">L\u00e4s mer<\/a><\/div>\n<\/div>\n<\/div>\n<\/div>\n<\/div>\n<\/div>\n<\/div>\n","protected":false},"excerpt":{"rendered":"<p>Hur du anv\u00e4nder Ventizolve vid en opioid-\u00f6verdos Instruktionsvideo Indikation:&nbsp;Ventizolve \u00e4r avsett f\u00f6r akut behandling av k\u00e4nd eller misst\u00e4nkt opioid\u00f6verdos som yttrar sig som andningsdepression och\/eller depression av centrala nervsystemet, b\u00e5de i och utanf\u00f6r v\u00e5rdinr\u00e4ttningar. Ventizolve \u00e4r avsett f\u00f6r vuxna. Ventizolve ers\u00e4tter inte akut l\u00e4karv\u00e5rd. V\u00e4gledning f\u00f6r h\u00e4lso- och sjukv\u00e5rdspersonal F\u00e5 information om hur du instruerar [&hellip;]<\/p>\n","protected":false},"author":2,"featured_media":0,"parent":0,"menu_order":0,"comment_status":"closed","ping_status":"closed","template":"","meta":{"_acf_changed":false,"footnotes":""},"class_list":["post-307","page","type-page","status-publish","hentry"],"acf":[],"yoast_head":"<!-- This site is optimized with the Yoast SEO plugin v27.5 - https:\/\/yoast.com\/product\/yoast-seo-wordpress\/ -->\n<title>- Ventizolve Suomi<\/title>\n<meta name=\"robots\" content=\"noindex, follow, max-snippet:-1, max-image-preview:large, max-video-preview:-1\" \/>\n<meta property=\"og:locale\" content=\"sv_SE\" \/>\n<meta property=\"og:type\" content=\"article\" \/>\n<meta property=\"og:title\" content=\"- Ventizolve Suomi\" \/>\n<meta property=\"og:description\" content=\"Hur du anv\u00e4nder Ventizolve vid en opioid-\u00f6verdos Instruktionsvideo Indikation:&nbsp;Ventizolve \u00e4r avsett f\u00f6r akut behandling av k\u00e4nd eller misst\u00e4nkt opioid\u00f6verdos som yttrar sig som andningsdepression och\/eller depression av centrala nervsystemet, b\u00e5de i och utanf\u00f6r v\u00e5rdinr\u00e4ttningar. Ventizolve \u00e4r avsett f\u00f6r vuxna. Ventizolve ers\u00e4tter inte akut l\u00e4karv\u00e5rd. V\u00e4gledning f\u00f6r h\u00e4lso- och sjukv\u00e5rdspersonal F\u00e5 information om hur du instruerar [&hellip;]\" \/>\n<meta property=\"og:url\" content=\"https:\/\/fi.ventizolve.com\/sv\/\" \/>\n<meta property=\"og:site_name\" content=\"Ventizolve Suomi\" \/>\n<meta property=\"article:modified_time\" content=\"2026-05-12T09:01:27+00:00\" \/>\n<meta name=\"twitter:card\" content=\"summary_large_image\" \/>\n<meta name=\"twitter:label1\" content=\"Est. reading time\" \/>\n\t<meta name=\"twitter:data1\" content=\"1 minut\" \/>\n<script type=\"application\/ld+json\" class=\"yoast-schema-graph\">{\"@context\":\"https:\\\/\\\/schema.org\",\"@graph\":[{\"@type\":\"WebPage\",\"@id\":\"https:\\\/\\\/fi.ventizolve.com\\\/sv\\\/\",\"url\":\"https:\\\/\\\/fi.ventizolve.com\\\/sv\\\/\",\"name\":\"- Ventizolve Suomi\",\"isPartOf\":{\"@id\":\"https:\\\/\\\/fi.ventizolve.com\\\/sv\\\/#website\"},\"datePublished\":\"2025-06-21T15:28:17+00:00\",\"dateModified\":\"2026-05-12T09:01:27+00:00\",\"inLanguage\":\"sv-SE\",\"potentialAction\":[{\"@type\":\"ReadAction\",\"target\":[\"https:\\\/\\\/fi.ventizolve.com\\\/sv\\\/\"]}]},{\"@type\":\"WebSite\",\"@id\":\"https:\\\/\\\/fi.ventizolve.com\\\/sv\\\/#website\",\"url\":\"https:\\\/\\\/fi.ventizolve.com\\\/sv\\\/\",\"name\":\"Ventizolve Suomi\",\"description\":\"Miten Ventizolve-valmistetta k\u00e4ytet\u00e4\u00e4n opioidien yliannostuksen yhteydess\u00e4\",\"publisher\":{\"@id\":\"https:\\\/\\\/fi.ventizolve.com\\\/sv\\\/#organization\"},\"potentialAction\":[{\"@type\":\"SearchAction\",\"target\":{\"@type\":\"EntryPoint\",\"urlTemplate\":\"https:\\\/\\\/fi.ventizolve.com\\\/sv\\\/?s={search_term_string}\"},\"query-input\":{\"@type\":\"PropertyValueSpecification\",\"valueRequired\":true,\"valueName\":\"search_term_string\"}}],\"inLanguage\":\"sv-SE\"},{\"@type\":\"Organization\",\"@id\":\"https:\\\/\\\/fi.ventizolve.com\\\/sv\\\/#organization\",\"name\":\"Ventizolve Suomi\",\"url\":\"https:\\\/\\\/fi.ventizolve.com\\\/sv\\\/\",\"logo\":{\"@type\":\"ImageObject\",\"inLanguage\":\"sv-SE\",\"@id\":\"https:\\\/\\\/fi.ventizolve.com\\\/sv\\\/#\\\/schema\\\/logo\\\/image\\\/\",\"url\":\"https:\\\/\\\/fi.ventizolve.com\\\/wp-content\\\/uploads\\\/sites\\\/4\\\/2020\\\/05\\\/Ventizolve-Logo-V2.png\",\"contentUrl\":\"https:\\\/\\\/fi.ventizolve.com\\\/wp-content\\\/uploads\\\/sites\\\/4\\\/2020\\\/05\\\/Ventizolve-Logo-V2.png\",\"width\":320,\"height\":120,\"caption\":\"Ventizolve Suomi\"},\"image\":{\"@id\":\"https:\\\/\\\/fi.ventizolve.com\\\/sv\\\/#\\\/schema\\\/logo\\\/image\\\/\"}}]}<\/script>\n<!-- \/ Yoast SEO plugin. -->","yoast_head_json":{"title":"- Ventizolve Suomi","robots":{"index":"noindex","follow":"follow","max-snippet":"max-snippet:-1","max-image-preview":"max-image-preview:large","max-video-preview":"max-video-preview:-1"},"og_locale":"sv_SE","og_type":"article","og_title":"- Ventizolve Suomi","og_description":"Hur du anv\u00e4nder Ventizolve vid en opioid-\u00f6verdos Instruktionsvideo Indikation:&nbsp;Ventizolve \u00e4r avsett f\u00f6r akut behandling av k\u00e4nd eller misst\u00e4nkt opioid\u00f6verdos som yttrar sig som andningsdepression och\/eller depression av centrala nervsystemet, b\u00e5de i och utanf\u00f6r v\u00e5rdinr\u00e4ttningar. Ventizolve \u00e4r avsett f\u00f6r vuxna. Ventizolve ers\u00e4tter inte akut l\u00e4karv\u00e5rd. V\u00e4gledning f\u00f6r h\u00e4lso- och sjukv\u00e5rdspersonal F\u00e5 information om hur du instruerar [&hellip;]","og_url":"https:\/\/fi.ventizolve.com\/sv\/","og_site_name":"Ventizolve Suomi","article_modified_time":"2026-05-12T09:01:27+00:00","twitter_card":"summary_large_image","twitter_misc":{"Est. reading time":"1 minut"},"schema":{"@context":"https:\/\/schema.org","@graph":[{"@type":"WebPage","@id":"https:\/\/fi.ventizolve.com\/sv\/","url":"https:\/\/fi.ventizolve.com\/sv\/","name":"- Ventizolve Suomi","isPartOf":{"@id":"https:\/\/fi.ventizolve.com\/sv\/#website"},"datePublished":"2025-06-21T15:28:17+00:00","dateModified":"2026-05-12T09:01:27+00:00","inLanguage":"sv-SE","potentialAction":[{"@type":"ReadAction","target":["https:\/\/fi.ventizolve.com\/sv\/"]}]},{"@type":"WebSite","@id":"https:\/\/fi.ventizolve.com\/sv\/#website","url":"https:\/\/fi.ventizolve.com\/sv\/","name":"Ventizolve Suomi","description":"Miten Ventizolve-valmistetta k\u00e4ytet\u00e4\u00e4n opioidien yliannostuksen yhteydess\u00e4","publisher":{"@id":"https:\/\/fi.ventizolve.com\/sv\/#organization"},"potentialAction":[{"@type":"SearchAction","target":{"@type":"EntryPoint","urlTemplate":"https:\/\/fi.ventizolve.com\/sv\/?s={search_term_string}"},"query-input":{"@type":"PropertyValueSpecification","valueRequired":true,"valueName":"search_term_string"}}],"inLanguage":"sv-SE"},{"@type":"Organization","@id":"https:\/\/fi.ventizolve.com\/sv\/#organization","name":"Ventizolve Suomi","url":"https:\/\/fi.ventizolve.com\/sv\/","logo":{"@type":"ImageObject","inLanguage":"sv-SE","@id":"https:\/\/fi.ventizolve.com\/sv\/#\/schema\/logo\/image\/","url":"https:\/\/fi.ventizolve.com\/wp-content\/uploads\/sites\/4\/2020\/05\/Ventizolve-Logo-V2.png","contentUrl":"https:\/\/fi.ventizolve.com\/wp-content\/uploads\/sites\/4\/2020\/05\/Ventizolve-Logo-V2.png","width":320,"height":120,"caption":"Ventizolve Suomi"},"image":{"@id":"https:\/\/fi.ventizolve.com\/sv\/#\/schema\/logo\/image\/"}}]}},"_links":{"self":[{"href":"https:\/\/fi.ventizolve.com\/sv\/wp-json\/wp\/v2\/pages\/307","targetHints":{"allow":["GET"]}}],"collection":[{"href":"https:\/\/fi.ventizolve.com\/sv\/wp-json\/wp\/v2\/pages"}],"about":[{"href":"https:\/\/fi.ventizolve.com\/sv\/wp-json\/wp\/v2\/types\/page"}],"author":[{"embeddable":true,"href":"https:\/\/fi.ventizolve.com\/sv\/wp-json\/wp\/v2\/users\/2"}],"replies":[{"embeddable":true,"href":"https:\/\/fi.ventizolve.com\/sv\/wp-json\/wp\/v2\/comments?post=307"}],"version-history":[{"count":1,"href":"https:\/\/fi.ventizolve.com\/sv\/wp-json\/wp\/v2\/pages\/307\/revisions"}],"predecessor-version":[{"id":347,"href":"https:\/\/fi.ventizolve.com\/sv\/wp-json\/wp\/v2\/pages\/307\/revisions\/347"}],"wp:attachment":[{"href":"https:\/\/fi.ventizolve.com\/sv\/wp-json\/wp\/v2\/media?parent=307"}],"curies":[{"name":"wp","href":"https:\/\/api.w.org\/{rel}","templated":true}]}}